{"id":94,"date":"2025-08-09T18:39:57","date_gmt":"2025-08-09T16:39:57","guid":{"rendered":"https:\/\/cdfgadagne.fr\/?page_id=94"},"modified":"2025-12-04T18:10:54","modified_gmt":"2025-12-04T17:10:54","slug":"mysteres-et-frissons-octobre","status":"publish","type":"page","link":"https:\/\/cdfgadagne.fr\/index.php\/mysteres-et-frissons-octobre\/","title":{"rendered":"Myst\u00e8res et Frissons &#8211; Octobre"},"content":{"rendered":"\n<p>Houuuuuuuuhouuuuuuu !<\/p>\n\n\n\n<p>Les chouettes font planer une ambiance myst\u00e9rieuse et terrifiante sur le village&#8230; petits et grands se d\u00e9guisent pour le plaisir de (se) faire peur !<\/p>\n\n\n\n<p>Une chasse au tr\u00e9sor (ou aux sorci\u00e8res&#8230;) vous attend dans les rues du vieux village. Tout le monde peut participer, habitants en ouvrant leurs portes aux gentils monstres, ou monstres, sorci\u00e8res, et autres d\u00e9guisements pour petits et grands !<\/p>\n\n\n\n<hr class=\"wp-block-separator has-alpha-channel-opacity\"\/>\n\n\n\n<p>Edition 2025<\/p>\n\n\n\n<figure class=\"wp-block-image aligncenter size-full\"><img loading=\"lazy\" decoding=\"async\" width=\"509\" height=\"720\" src=\"https:\/\/cdfgadagne.fr\/wp-content\/uploads\/2025\/12\/Mysteres-et-frissons-2025.jpg\" alt=\"\" class=\"wp-image-144\" srcset=\"https:\/\/cdfgadagne.fr\/wp-content\/uploads\/2025\/12\/Mysteres-et-frissons-2025.jpg 509w, https:\/\/cdfgadagne.fr\/wp-content\/uploads\/2025\/12\/Mysteres-et-frissons-2025-212x300.jpg 212w\" sizes=\"auto, (max-width: 509px) 100vw, 509px\" \/><\/figure>\n\n\n\n<figure class=\"wp-block-gallery has-nested-images columns-default is-cropped wp-block-gallery-1 is-layout-flex wp-block-gallery-is-layout-flex\">\n<figure class=\"wp-block-image size-large\"><img loading=\"lazy\" decoding=\"async\" width=\"683\" height=\"1024\" data-id=\"147\" src=\"https:\/\/cdfgadagne.fr\/wp-content\/uploads\/2025\/12\/573057061_1941737303063882_6417118642509632453_n-683x1024.jpg\" alt=\"\" class=\"wp-image-147\" srcset=\"https:\/\/cdfgadagne.fr\/wp-content\/uploads\/2025\/12\/573057061_1941737303063882_6417118642509632453_n-683x1024.jpg 683w, https:\/\/cdfgadagne.fr\/wp-content\/uploads\/2025\/12\/573057061_1941737303063882_6417118642509632453_n-200x300.jpg 200w, https:\/\/cdfgadagne.fr\/wp-content\/uploads\/2025\/12\/573057061_1941737303063882_6417118642509632453_n-768x1152.jpg 768w, https:\/\/cdfgadagne.fr\/wp-content\/uploads\/2025\/12\/573057061_1941737303063882_6417118642509632453_n-1024x1536.jpg 1024w, https:\/\/cdfgadagne.fr\/wp-content\/uploads\/2025\/12\/573057061_1941737303063882_6417118642509632453_n.jpg 1365w\" sizes=\"auto, (max-width: 683px) 100vw, 683px\" \/><\/figure>\n\n\n\n<figure class=\"wp-block-image size-large\"><img loading=\"lazy\" decoding=\"async\" width=\"1024\" height=\"768\" data-id=\"148\" src=\"https:\/\/cdfgadagne.fr\/wp-content\/uploads\/2025\/12\/572218798_1230016225823971_8553343998935522394_n-1024x768.jpg\" alt=\"\" class=\"wp-image-148\" srcset=\"https:\/\/cdfgadagne.fr\/wp-content\/uploads\/2025\/12\/572218798_1230016225823971_8553343998935522394_n-1024x768.jpg 1024w, https:\/\/cdfgadagne.fr\/wp-content\/uploads\/2025\/12\/572218798_1230016225823971_8553343998935522394_n-300x225.jpg 300w, https:\/\/cdfgadagne.fr\/wp-content\/uploads\/2025\/12\/572218798_1230016225823971_8553343998935522394_n-768x576.jpg 768w, https:\/\/cdfgadagne.fr\/wp-content\/uploads\/2025\/12\/572218798_1230016225823971_8553343998935522394_n-1536x1152.jpg 1536w, https:\/\/cdfgadagne.fr\/wp-content\/uploads\/2025\/12\/572218798_1230016225823971_8553343998935522394_n.jpg 2016w\" sizes=\"auto, (max-width: 1024px) 100vw, 1024px\" \/><\/figure>\n\n\n\n<figure class=\"wp-block-image size-large\"><img loading=\"lazy\" decoding=\"async\" width=\"768\" height=\"1024\" data-id=\"149\" src=\"https:\/\/cdfgadagne.fr\/wp-content\/uploads\/2025\/12\/574312495_1230016229157304_5746926422656618890_n-768x1024.jpg\" alt=\"\" class=\"wp-image-149\" srcset=\"https:\/\/cdfgadagne.fr\/wp-content\/uploads\/2025\/12\/574312495_1230016229157304_5746926422656618890_n-768x1024.jpg 768w, https:\/\/cdfgadagne.fr\/wp-content\/uploads\/2025\/12\/574312495_1230016229157304_5746926422656618890_n-225x300.jpg 225w, https:\/\/cdfgadagne.fr\/wp-content\/uploads\/2025\/12\/574312495_1230016229157304_5746926422656618890_n-1152x1536.jpg 1152w, https:\/\/cdfgadagne.fr\/wp-content\/uploads\/2025\/12\/574312495_1230016229157304_5746926422656618890_n.jpg 1512w\" sizes=\"auto, (max-width: 768px) 100vw, 768px\" \/><\/figure>\n\n\n\n<figure class=\"wp-block-image size-large\"><img loading=\"lazy\" decoding=\"async\" width=\"1024\" height=\"768\" data-id=\"146\" src=\"https:\/\/cdfgadagne.fr\/wp-content\/uploads\/2025\/12\/573529716_1230317025793891_8985829963605576674_n-1024x768.jpg\" alt=\"\" class=\"wp-image-146\" srcset=\"https:\/\/cdfgadagne.fr\/wp-content\/uploads\/2025\/12\/573529716_1230317025793891_8985829963605576674_n-1024x768.jpg 1024w, https:\/\/cdfgadagne.fr\/wp-content\/uploads\/2025\/12\/573529716_1230317025793891_8985829963605576674_n-300x225.jpg 300w, https:\/\/cdfgadagne.fr\/wp-content\/uploads\/2025\/12\/573529716_1230317025793891_8985829963605576674_n-768x576.jpg 768w, https:\/\/cdfgadagne.fr\/wp-content\/uploads\/2025\/12\/573529716_1230317025793891_8985829963605576674_n-1536x1152.jpg 1536w, https:\/\/cdfgadagne.fr\/wp-content\/uploads\/2025\/12\/573529716_1230317025793891_8985829963605576674_n.jpg 2000w\" sizes=\"auto, (max-width: 1024px) 100vw, 1024px\" \/><\/figure>\n\n\n\n<figure class=\"wp-block-image size-large\"><img loading=\"lazy\" decoding=\"async\" width=\"768\" height=\"1024\" data-id=\"150\" src=\"https:\/\/cdfgadagne.fr\/wp-content\/uploads\/2025\/12\/577112701_1234560702036190_8935047304623994119_n-768x1024.jpg\" alt=\"\" class=\"wp-image-150\" srcset=\"https:\/\/cdfgadagne.fr\/wp-content\/uploads\/2025\/12\/577112701_1234560702036190_8935047304623994119_n-768x1024.jpg 768w, https:\/\/cdfgadagne.fr\/wp-content\/uploads\/2025\/12\/577112701_1234560702036190_8935047304623994119_n-225x300.jpg 225w, https:\/\/cdfgadagne.fr\/wp-content\/uploads\/2025\/12\/577112701_1234560702036190_8935047304623994119_n-1152x1536.jpg 1152w, https:\/\/cdfgadagne.fr\/wp-content\/uploads\/2025\/12\/577112701_1234560702036190_8935047304623994119_n.jpg 1512w\" sizes=\"auto, (max-width: 768px) 100vw, 768px\" \/><\/figure>\n<\/figure>\n\n\n\n<hr class=\"wp-block-separator has-alpha-channel-opacity\"\/>\n\n\n\n<p>Edition 2024<\/p>\n\n\n\n<figure class=\"wp-block-image aligncenter size-large is-resized\"><img loading=\"lazy\" decoding=\"async\" width=\"724\" height=\"1024\" src=\"https:\/\/cdfgadagne.fr\/wp-content\/uploads\/2025\/08\/485055672_1050291217129807_9884725578015432_n-724x1024.jpg\" alt=\"\" class=\"wp-image-96\" style=\"aspect-ratio:0.7070380882777844;width:539px;height:auto\" srcset=\"https:\/\/cdfgadagne.fr\/wp-content\/uploads\/2025\/08\/485055672_1050291217129807_9884725578015432_n-724x1024.jpg 724w, https:\/\/cdfgadagne.fr\/wp-content\/uploads\/2025\/08\/485055672_1050291217129807_9884725578015432_n-212x300.jpg 212w, https:\/\/cdfgadagne.fr\/wp-content\/uploads\/2025\/08\/485055672_1050291217129807_9884725578015432_n-768x1086.jpg 768w, https:\/\/cdfgadagne.fr\/wp-content\/uploads\/2025\/08\/485055672_1050291217129807_9884725578015432_n-1086x1536.jpg 1086w, https:\/\/cdfgadagne.fr\/wp-content\/uploads\/2025\/08\/485055672_1050291217129807_9884725578015432_n.jpg 1414w\" sizes=\"auto, (max-width: 724px) 100vw, 724px\" \/><\/figure>\n\n\n\n<figure class=\"wp-block-video\"><video height=\"360\" style=\"aspect-ratio: 638 \/ 360;\" width=\"638\" controls src=\"https:\/\/cdfgadagne.fr\/wp-content\/uploads\/2025\/08\/AQNJNqZiVAP7beuozQUBzkfIiGAOiu5uMuWbfq4SY45sUTauo7DsZ0b2oUtMX27duIWE_SgQPZRDREHtnFM7EwyZ.mp4\"><\/video><\/figure>\n\n\n\n<!--more-->\n\n\n\n<div class=\"wp-block-group alignfull is-layout-constrained wp-container-core-group-is-layout-95208672 wp-block-group-is-layout-constrained\" style=\"padding-top:10rem;padding-bottom:10rem\">\n<figure class=\"wp-block-image aligncenter size-full is-resized is-style-rounded\"><img loading=\"lazy\" decoding=\"async\" width=\"491\" height=\"487\" src=\"https:\/\/cdfgadagne.fr\/wp-content\/uploads\/2025\/08\/Logo-CDF-1.jpg\" alt=\"\" class=\"wp-image-28\" style=\"width:116px;height:auto\" srcset=\"https:\/\/cdfgadagne.fr\/wp-content\/uploads\/2025\/08\/Logo-CDF-1.jpg 491w, https:\/\/cdfgadagne.fr\/wp-content\/uploads\/2025\/08\/Logo-CDF-1-300x298.jpg 300w, https:\/\/cdfgadagne.fr\/wp-content\/uploads\/2025\/08\/Logo-CDF-1-150x150.jpg 150w\" sizes=\"auto, (max-width: 491px) 100vw, 491px\" \/><\/figure>\n\n\n\n<div class=\"wp-block-group is-layout-flow wp-block-group-is-layout-flow\">\n<h2 class=\"wp-block-heading has-text-align-center\" style=\"font-size:var(--wp--custom--typography--font-size--huge, clamp(2.25rem, 4vw, 2.75rem))\">Autres festivit\u00e9s<\/h2>\n\n\n\n<div class=\"wp-block-buttons is-horizontal is-content-justification-left is-layout-flex wp-container-core-buttons-is-layout-20be11b6 wp-block-buttons-is-layout-flex\">\n<div class=\"wp-block-button has-custom-width wp-block-button__width-100 is-style-fill\"><a class=\"wp-block-button__link wp-element-button\" href=\"https:\/\/cdfgadagne.fr\/index.php\/foulee-des-felibres-fevrier\/\" style=\"border-radius:6px\">Foul\u00e9e des f\u00e9libres<\/a><\/div>\n\n\n\n<div class=\"wp-block-button has-custom-width wp-block-button__width-100 is-style-fill\"><a class=\"wp-block-button__link wp-element-button\" href=\"https:\/\/cdfgadagne.fr\/index.php\/caramentran\/\" style=\"border-radius:6px\">Caramentran <\/a><\/div>\n\n\n\n<div class=\"wp-block-button has-custom-width wp-block-button__width-100 is-style-fill\"><a class=\"wp-block-button__link wp-element-button\" href=\"https:\/\/cdfgadagne.fr\/index.php\/festival-de-la-sorgue\/\" style=\"border-radius:6px\">Festival de la Sorgue<\/a><\/div>\n\n\n\n<div class=\"wp-block-button has-custom-width wp-block-button__width-100 is-style-fill\"><a class=\"wp-block-button__link wp-element-button\" href=\"https:\/\/cdfgadagne.fr\/index.php\/fete-votive-juin\/\" style=\"border-radius:6px\">F\u00eate votive<\/a><\/div>\n\n\n\n<div class=\"wp-block-button has-custom-width wp-block-button__width-100 is-style-fill\"><a class=\"wp-block-button__link wp-element-button\" href=\"https:\/\/cdfgadagne.fr\/index.php\/page-d-exemple\/\" style=\"border-radius:6px\">Festival de Gadagne<\/a><\/div>\n\n\n\n<div class=\"wp-block-button has-custom-width wp-block-button__width-100 is-style-fill\"><a class=\"wp-block-button__link wp-element-button\" href=\"https:\/\/cdfgadagne.fr\/index.php\/ban-des-vendanges\/\" style=\"border-radius:6px\">Ban des Vendanges<\/a><\/div>\n\n\n\n<div class=\"wp-block-button has-custom-width wp-block-button__width-100 is-style-fill\"><a class=\"wp-block-button__link wp-element-button\" href=\"https:\/\/cdfgadagne.fr\/index.php\/telethon\/\" style=\"border-radius:6px\">T\u00e9l\u00e9thon<\/a><\/div>\n<\/div>\n<\/div>\n\n\n\n<div style=\"height:40px\" aria-hidden=\"true\" class=\"wp-block-spacer\"><\/div>\n\n\n\n<ul class=\"wp-block-social-links has-icon-color is-style-logos-only is-content-justification-center is-layout-flex wp-container-core-social-links-is-layout-a89b3969 wp-block-social-links-is-layout-flex\"><li style=\"color:var(--wp--preset--color--primary);\" class=\"wp-social-link wp-social-link-wordpress has-primary-color wp-block-social-link\"><a href=\"#\" class=\"wp-block-social-link-anchor\"><svg width=\"24\" height=\"24\" viewBox=\"0 0 24 24\" version=\"1.1\" xmlns=\"http:\/\/www.w3.org\/2000\/svg\" aria-hidden=\"true\" focusable=\"false\"><path d=\"M12.158,12.786L9.46,20.625c0.806,0.237,1.657,0.366,2.54,0.366c1.047,0,2.051-0.181,2.986-0.51 c-0.024-0.038-0.046-0.079-0.065-0.124L12.158,12.786z M3.009,12c0,3.559,2.068,6.634,5.067,8.092L3.788,8.341 C3.289,9.459,3.009,10.696,3.009,12z M18.069,11.546c0-1.112-0.399-1.881-0.741-2.48c-0.456-0.741-0.883-1.368-0.883-2.109 c0-0.826,0.627-1.596,1.51-1.596c0.04,0,0.078,0.005,0.116,0.007C16.472,3.904,14.34,3.009,12,3.009 c-3.141,0-5.904,1.612-7.512,4.052c0.211,0.007,0.41,0.011,0.579,0.011c0.94,0,2.396-0.114,2.396-0.114 C7.947,6.93,8.004,7.642,7.52,7.699c0,0-0.487,0.057-1.029,0.085l3.274,9.739l1.968-5.901l-1.401-3.838 C9.848,7.756,9.389,7.699,9.389,7.699C8.904,7.67,8.961,6.93,9.446,6.958c0,0,1.484,0.114,2.368,0.114 c0.94,0,2.397-0.114,2.397-0.114c0.485-0.028,0.542,0.684,0.057,0.741c0,0-0.488,0.057-1.029,0.085l3.249,9.665l0.897-2.996 C17.841,13.284,18.069,12.316,18.069,11.546z M19.889,7.686c0.039,0.286,0.06,0.593,0.06,0.924c0,0.912-0.171,1.938-0.684,3.22 l-2.746,7.94c2.673-1.558,4.47-4.454,4.47-7.771C20.991,10.436,20.591,8.967,19.889,7.686z M12,22C6.486,22,2,17.514,2,12 C2,6.486,6.486,2,12,2c5.514,0,10,4.486,10,10C22,17.514,17.514,22,12,22z\"><\/path><\/svg><span class=\"wp-block-social-link-label screen-reader-text\">WordPress<\/span><\/a><\/li>\n\n<li style=\"color:var(--wp--preset--color--primary);\" class=\"wp-social-link wp-social-link-facebook has-primary-color wp-block-social-link\"><a href=\"#\" class=\"wp-block-social-link-anchor\"><svg width=\"24\" height=\"24\" viewBox=\"0 0 24 24\" version=\"1.1\" xmlns=\"http:\/\/www.w3.org\/2000\/svg\" aria-hidden=\"true\" focusable=\"false\"><path d=\"M12 2C6.5 2 2 6.5 2 12c0 5 3.7 9.1 8.4 9.9v-7H7.9V12h2.5V9.8c0-2.5 1.5-3.9 3.8-3.9 1.1 0 2.2.2 2.2.2v2.5h-1.3c-1.2 0-1.6.8-1.6 1.6V12h2.8l-.4 2.9h-2.3v7C18.3 21.1 22 17 22 12c0-5.5-4.5-10-10-10z\"><\/path><\/svg><span class=\"wp-block-social-link-label screen-reader-text\">Facebook<\/span><\/a><\/li>\n\n<li style=\"color:var(--wp--preset--color--primary);\" class=\"wp-social-link wp-social-link-twitter has-primary-color wp-block-social-link\"><a href=\"#\" class=\"wp-block-social-link-anchor\"><svg width=\"24\" height=\"24\" viewBox=\"0 0 24 24\" version=\"1.1\" xmlns=\"http:\/\/www.w3.org\/2000\/svg\" aria-hidden=\"true\" focusable=\"false\"><path d=\"M22.23,5.924c-0.736,0.326-1.527,0.547-2.357,0.646c0.847-0.508,1.498-1.312,1.804-2.27 c-0.793,0.47-1.671,0.812-2.606,0.996C18.324,4.498,17.257,4,16.077,4c-2.266,0-4.103,1.837-4.103,4.103 c0,0.322,0.036,0.635,0.106,0.935C8.67,8.867,5.647,7.234,3.623,4.751C3.27,5.357,3.067,6.062,3.067,6.814 c0,1.424,0.724,2.679,1.825,3.415c-0.673-0.021-1.305-0.206-1.859-0.513c0,0.017,0,0.034,0,0.052c0,1.988,1.414,3.647,3.292,4.023 c-0.344,0.094-0.707,0.144-1.081,0.144c-0.264,0-0.521-0.026-0.772-0.074c0.522,1.63,2.038,2.816,3.833,2.85 c-1.404,1.1-3.174,1.756-5.096,1.756c-0.331,0-0.658-0.019-0.979-0.057c1.816,1.164,3.973,1.843,6.29,1.843 c7.547,0,11.675-6.252,11.675-11.675c0-0.178-0.004-0.355-0.012-0.531C20.985,7.47,21.68,6.747,22.23,5.924z\"><\/path><\/svg><span class=\"wp-block-social-link-label screen-reader-text\">Twitter<\/span><\/a><\/li>\n\n<li style=\"color:var(--wp--preset--color--primary);\" class=\"wp-social-link wp-social-link-instagram has-primary-color wp-block-social-link\"><a href=\"#\" class=\"wp-block-social-link-anchor\"><svg width=\"24\" height=\"24\" viewBox=\"0 0 24 24\" version=\"1.1\" xmlns=\"http:\/\/www.w3.org\/2000\/svg\" aria-hidden=\"true\" focusable=\"false\"><path d=\"M12,4.622c2.403,0,2.688,0.009,3.637,0.052c0.877,0.04,1.354,0.187,1.671,0.31c0.42,0.163,0.72,0.358,1.035,0.673 c0.315,0.315,0.51,0.615,0.673,1.035c0.123,0.317,0.27,0.794,0.31,1.671c0.043,0.949,0.052,1.234,0.052,3.637 s-0.009,2.688-0.052,3.637c-0.04,0.877-0.187,1.354-0.31,1.671c-0.163,0.42-0.358,0.72-0.673,1.035 c-0.315,0.315-0.615,0.51-1.035,0.673c-0.317,0.123-0.794,0.27-1.671,0.31c-0.949,0.043-1.233,0.052-3.637,0.052 s-2.688-0.009-3.637-0.052c-0.877-0.04-1.354-0.187-1.671-0.31c-0.42-0.163-0.72-0.358-1.035-0.673 c-0.315-0.315-0.51-0.615-0.673-1.035c-0.123-0.317-0.27-0.794-0.31-1.671C4.631,14.688,4.622,14.403,4.622,12 s0.009-2.688,0.052-3.637c0.04-0.877,0.187-1.354,0.31-1.671c0.163-0.42,0.358-0.72,0.673-1.035 c0.315-0.315,0.615-0.51,1.035-0.673c0.317-0.123,0.794-0.27,1.671-0.31C9.312,4.631,9.597,4.622,12,4.622 M12,3 C9.556,3,9.249,3.01,8.289,3.054C7.331,3.098,6.677,3.25,6.105,3.472C5.513,3.702,5.011,4.01,4.511,4.511 c-0.5,0.5-0.808,1.002-1.038,1.594C3.25,6.677,3.098,7.331,3.054,8.289C3.01,9.249,3,9.556,3,12c0,2.444,0.01,2.751,0.054,3.711 c0.044,0.958,0.196,1.612,0.418,2.185c0.23,0.592,0.538,1.094,1.038,1.594c0.5,0.5,1.002,0.808,1.594,1.038 c0.572,0.222,1.227,0.375,2.185,0.418C9.249,20.99,9.556,21,12,21s2.751-0.01,3.711-0.054c0.958-0.044,1.612-0.196,2.185-0.418 c0.592-0.23,1.094-0.538,1.594-1.038c0.5-0.5,0.808-1.002,1.038-1.594c0.222-0.572,0.375-1.227,0.418-2.185 C20.99,14.751,21,14.444,21,12s-0.01-2.751-0.054-3.711c-0.044-0.958-0.196-1.612-0.418-2.185c-0.23-0.592-0.538-1.094-1.038-1.594 c-0.5-0.5-1.002-0.808-1.594-1.038c-0.572-0.222-1.227-0.375-2.185-0.418C14.751,3.01,14.444,3,12,3L12,3z M12,7.378 c-2.552,0-4.622,2.069-4.622,4.622S9.448,16.622,12,16.622s4.622-2.069,4.622-4.622S14.552,7.378,12,7.378z M12,15 c-1.657,0-3-1.343-3-3s1.343-3,3-3s3,1.343,3,3S13.657,15,12,15z M16.804,6.116c-0.596,0-1.08,0.484-1.08,1.08 s0.484,1.08,1.08,1.08c0.596,0,1.08-0.484,1.08-1.08S17.401,6.116,16.804,6.116z\"><\/path><\/svg><span class=\"wp-block-social-link-label screen-reader-text\">Instagram<\/span><\/a><\/li><\/ul>\n<\/div>\n\n\n\n<div class=\"wp-block-group alignwide is-content-justification-space-between is-layout-flex wp-container-core-group-is-layout-37312ec6 wp-block-group-is-layout-flex\" style=\"padding-top:4rem;padding-bottom:4rem\"><div class=\"wp-block-site-logo\"><a href=\"https:\/\/cdfgadagne.fr\/\" class=\"custom-logo-link\" rel=\"home\"><img loading=\"lazy\" decoding=\"async\" width=\"60\" height=\"59\" src=\"https:\/\/cdfgadagne.fr\/wp-content\/uploads\/2025\/08\/Projet-Supprimer-un-arriere-plan.png\" class=\"custom-logo\" alt=\"Comit\u00e9 des f\u00eates de Ch\u00e2teuneuf-de-Gadagne\" srcset=\"https:\/\/cdfgadagne.fr\/wp-content\/uploads\/2025\/08\/Projet-Supprimer-un-arriere-plan.png 491w, https:\/\/cdfgadagne.fr\/wp-content\/uploads\/2025\/08\/Projet-Supprimer-un-arriere-plan-300x298.png 300w, https:\/\/cdfgadagne.fr\/wp-content\/uploads\/2025\/08\/Projet-Supprimer-un-arriere-plan-150x150.png 150w\" sizes=\"auto, (max-width: 60px) 100vw, 60px\" \/><\/a><\/div>\n\n\n<p class=\"has-text-align-right\"><a href=\"https:\/\/cdfgadagne.fr\/\" data-type=\"link\" data-id=\"https:\/\/cdfgadagne.fr\/\">Accueil<\/a><br><a href=\"mailto:cdf.gadagne@gmail.com\" data-type=\"mailto\" data-id=\"mailto:cdf.gadagne@gmail.com\">Contact<\/a><\/p>\n<\/div>\n","protected":false},"excerpt":{"rendered":"<p>Houuuuuuuuhouuuuuuu ! Les chouettes font planer une ambiance myst\u00e9rieuse et terrifiante sur le village&#8230; petits et grands se d\u00e9guisent pour le plaisir de (se) faire peur ! Une chasse au tr\u00e9sor (ou aux sorci\u00e8res&#8230;) vous attend dans les rues du vieux village. Tout le monde peut participer, habitants en ouvrant leurs portes aux gentils monstres, [&hellip;]<\/p>\n","protected":false},"author":1,"featured_media":0,"parent":0,"menu_order":0,"comment_status":"closed","ping_status":"closed","template":"","meta":{"footnotes":""},"class_list":["post-94","page","type-page","status-publish","hentry"],"_links":{"self":[{"href":"https:\/\/cdfgadagne.fr\/index.php\/wp-json\/wp\/v2\/pages\/94","targetHints":{"allow":["GET"]}}],"collection":[{"href":"https:\/\/cdfgadagne.fr\/index.php\/wp-json\/wp\/v2\/pages"}],"about":[{"href":"https:\/\/cdfgadagne.fr\/index.php\/wp-json\/wp\/v2\/types\/page"}],"author":[{"embeddable":true,"href":"https:\/\/cdfgadagne.fr\/index.php\/wp-json\/wp\/v2\/users\/1"}],"replies":[{"embeddable":true,"href":"https:\/\/cdfgadagne.fr\/index.php\/wp-json\/wp\/v2\/comments?post=94"}],"version-history":[{"count":4,"href":"https:\/\/cdfgadagne.fr\/index.php\/wp-json\/wp\/v2\/pages\/94\/revisions"}],"predecessor-version":[{"id":151,"href":"https:\/\/cdfgadagne.fr\/index.php\/wp-json\/wp\/v2\/pages\/94\/revisions\/151"}],"wp:attachment":[{"href":"https:\/\/cdfgadagne.fr\/index.php\/wp-json\/wp\/v2\/media?parent=94"}],"curies":[{"name":"wp","href":"https:\/\/api.w.org\/{rel}","templated":true}]}}